{"id":2707,"date":"2018-09-24T14:56:31","date_gmt":"2018-09-24T12:56:31","guid":{"rendered":"https:\/\/maxcity.hr\/pravila-privatnosti\/"},"modified":"2023-05-26T11:14:54","modified_gmt":"2023-05-26T09:14:54","slug":"privacy-policy","status":"publish","type":"page","link":"https:\/\/maxcity.hr\/en\/privacy-policy\/","title":{"rendered":"Privacy Policy"},"content":{"rendered":"<h2>Tko smo mi<\/h2>\n<p>Adresa na\u0161e web-stranice je: http:\/\/localhost\/maxcity.<\/p>\n<h2>Koje osobne podatke prikupljamo i za\u0161to<\/h2>\n<h3>Komentari<\/h3>\n<p>Kada posjetitelji napi\u0161u komentar na web-stranici mi prikupljamo podatke prikazane u formi komentara, i tako\u0111er IP adresu posjetitelja kao i string korisni\u010dkog agenta preglednika kako lak\u0161e detektirali spam.<\/p>\n<p>Mogu\u0107e je da je anonimiziran string kreiran iz va\u0161e adrese e-po\u0161te (koji se tako\u0111er zove hash) dostavljen Gravatar servisu kako bi provjerili da li ga koristite. Pravila privatnosti Gravatar servisa dostupna su ovdje: https:\/\/automattic.com\/privacy\/. Nakon odobrenja va\u0161eg komentara, va\u0161a profilna slika je javno vidljiva u kontekstu va\u0161eg komentara.<\/p>\n<h3>Medij<\/h3>\n<p>Ako prenesete sliku na web-stranicu, trebali bi izbjegavati prijenos slika koje imaju ugra\u0111ene podatke o lokaciji (EXIF GPS). Posjetitelji web-stranice mogu ih preuzeti i izdvojiti bilo koje podatke o lokaciji iz slika sa web-stranice.<\/p>\n<h3>Kontakt forme<\/h3>\n<h3>Kola\u010di\u0107i<\/h3>\n<p>Ako napi\u0161ete komentar na na\u0161oj web-stranici, mo\u017eete odabrati da spremite ime, adresu e-po\u0161te i web-stranicu u kola\u010di\u0107e. Ovo je kako bi vam olak\u0161ali ponovno komentiranje, da ne morate ponovno unositi te informacije. Ovi kola\u010di\u0107i traju godinu dana.<\/p>\n<p>Ako imate ra\u010dun i prijavite se na ovu web-stranicu, postaviti \u0107emo privremeni kola\u010di\u0107 kako bi utvrdili da li va\u0161 preglednik prihva\u0107a kola\u010di\u0107e. Ovaj kola\u010di\u0107 ne sadr\u017ei osobne podatke i bri\u0161e se kada ugasite preglednik.<\/p>\n<p>Kada se prijavite, tako\u0111er \u0107emo postaviti nekoliko kola\u010di\u0107a kako bi sa\u010duvali va\u0161e podatke o prijavi i va\u0161e postavke zaslona. Kola\u010di\u0107i prijave traju dva dana, i kola\u010di\u0107i postavki zaslona traju godinu dana. Ako odaberete &#8220;Zapamti me&#8221;, va\u0161a prijava \u0107e trajati dva tjedna. Ako se odjavite s ra\u010duna, kola\u010di\u0107i prijave biti \u0107e uklonjeni.<\/p>\n<p>Ako uredite ili objavite \u010dlanak, dodatni kola\u010di\u0107 biti \u0107e spremljen u va\u0161em pregledniku. Ovaj kola\u010di\u0107 ne sadr\u017ei osobne podatke i samo ukazuje na ID objave \u010dlanka koji ste upravo uredili. Kola\u010di\u0107 istekne nakon 1 dana.<\/p>\n<h3>Ugra\u0111eni sadr\u017eaj s drugih web-stranica<\/h3>\n<p>\u010clanci na ovoj web-stranici mogu sadr\u017eavati ugra\u0111eni sadr\u017eaj (npr. video, slike, \u010dlanke, itd.). Ugra\u0111eni sadr\u017eaj sa drugih web-stranica pona\u0161a se istovjetno kao da je posjetitelj posjetio tu drugu web-stranicu.<\/p>\n<p>Ove web-stranice mo\u017eda prikupljaju podatke o vama, koriste kola\u010di\u0107e, imaju ugra\u0111eno dodatno pra\u0107enje od tre\u0107ih strana, i nadgledaju va\u0161u interakciju s tim ugra\u0111enim sadr\u017eajem, uklju\u010duju\u0107i pra\u0107enje va\u0161e interakcije s ugra\u0111enim sadr\u017eajem ako imate ra\u010dun i prijavljeni ste na web-stranici.<\/p>\n<h3>Analitike<\/h3>\n<h2>S kime dijelimo va\u0161e podatke<\/h2>\n<h2>Koliko dugo \u010duvamo va\u0161e podatke<\/h2>\n<p>Ako napi\u0161ete komentar, komentar i njegovi meta podaci su sa\u010duvani zauvijek. To je zato da mo\u017eemo automatski prepoznati i odobriti budu\u0107e komentare, umjesto da ih dr\u017eimo na \u010dekanju za odobrenje.<\/p>\n<p>Za korisnike koji se registriraju na na\u0161oj web-stranici (ako ih ima), mi tako\u0111er pohranjujemo osobne podatke koje navedu u njihovim korisni\u010dkim profilima, Svi korisnici mogu vidjeti, urediti, ili obrisati svoje osobne podatke u bilo koje vrijeme ( osim \u0161to ne mogu promijeniti svoje korisni\u010dko ime). Administratori web-stranice tako\u0111er mogu vidjeti i urediti te informacije.<\/p>\n<h2>Koja prava imate nad svojim podacima<\/h2>\n<p>Ako imate ra\u010dun na ovoj web-stranici, ili ste pisali komentare, mo\u017eete zatra\u017eiti primanje izvozne datoteke osobnih podataka koje imamo o vama, uklju\u010duju\u0107i sve podatke koje ste nam dostavili. Tako\u0111er mo\u017eete zatra\u017eiti brisanje svih osobnih podataka koje imamo o vama. Ovo ne uklju\u010duje bilo koje podatke koje smo obavezni dr\u017eati za administrativne, pravne ili sigurnosne namjene.<\/p>\n<h2>Gdje \u0161aljemo va\u0161e podatke<\/h2>\n<p>Komentari posjetitelja mogu se provjeriti putem automatske usluge za otkrivanje ne\u017eeljene po\u0161te.<\/p>\n<h2>Va\u0161e kontakt informacije<\/h2>\n<h2>Dodatne informacije<\/h2>\n<h3>Kako \u0161titimo va\u0161e podatke<\/h3>\n<h3>Kakve procedure imamo pripremljene u slu\u010daju povrede podataka<\/h3>\n<h3>Od kojih tre\u0107ih strana primamo podatke<\/h3>\n<h3>Koje automatsko dono\u0161enje odluka i\/ili profiliranje radimo s korisni\u010dkim podacima<\/h3>\n<h3>Uvjeti objavljivanja industrijskih regulativa<\/h3>\n","protected":false},"excerpt":{"rendered":"<p>Tko smo mi Adresa na\u0161e web-stranice je: http:\/\/localhost\/maxcity. Koje osobne podatke prikupljamo i za\u0161to Komentari Kada posjetitelji napi\u0161u komentar na web-stranici mi prikupljamo podatke prikazane u formi komentara, i tako\u0111er IP adresu posjetitelja kao i string korisni\u010dkog agenta &hellip;<\/p>\n","protected":false},"author":1,"featured_media":2675,"parent":0,"menu_order":0,"comment_status":"closed","ping_status":"open","template":"","meta":[],"acf":[],"yoast_head":"<!-- This site is optimized with the Yoast SEO plugin v20.4 - https:\/\/yoast.com\/wordpress\/plugins\/seo\/ -->\n<title>Privacy Policy - Max City<\/title>\n<meta name=\"description\" content=\"Tko smo mi Adresa na\u0161e web-stranice je: http:\/\/localhost\/maxcity. Koje osobne podatke prikupljamo i za\u0161to Komentari Kada posjetitelji napi\u0161u komentar na\" \/>\n<meta name=\"robots\" content=\"index, follow, max-snippet:-1, max-image-preview:large, max-video-preview:-1\" \/>\n<link rel=\"canonical\" href=\"https:\/\/maxcity.hr\/en\/privacy-policy\/\" \/>\n<meta property=\"og:locale\" content=\"en_US\" \/>\n<meta property=\"og:type\" content=\"article\" \/>\n<meta property=\"og:title\" content=\"Privacy Policy - Max City\" \/>\n<meta property=\"og:description\" content=\"Tko smo mi Adresa na\u0161e web-stranice je: http:\/\/localhost\/maxcity. Koje osobne podatke prikupljamo i za\u0161to Komentari Kada posjetitelji napi\u0161u komentar na\" \/>\n<meta property=\"og:url\" content=\"https:\/\/maxcity.hr\/en\/privacy-policy\/\" \/>\n<meta property=\"og:site_name\" content=\"Max City\" \/>\n<meta property=\"article:publisher\" content=\"https:\/\/www.facebook.com\/MaxCityPula\/\" \/>\n<meta property=\"article:modified_time\" content=\"2023-05-26T09:14:54+00:00\" \/>\n<meta property=\"og:image\" content=\"https:\/\/maxcity.hr\/wp-content\/uploads\/2018\/10\/privacy.jpg\" \/>\n\t<meta property=\"og:image:width\" content=\"1862\" \/>\n\t<meta property=\"og:image:height\" content=\"596\" \/>\n\t<meta property=\"og:image:type\" content=\"image\/jpeg\" \/>\n<meta name=\"twitter:card\" content=\"summary_large_image\" \/>\n<meta name=\"twitter:label1\" content=\"Est. reading time\" \/>\n\t<meta name=\"twitter:data1\" content=\"3 minutes\" \/>\n<script type=\"application\/ld+json\" class=\"yoast-schema-graph\">{\"@context\":\"https:\/\/schema.org\",\"@graph\":[{\"@type\":\"WebPage\",\"@id\":\"https:\/\/maxcity.hr\/en\/privacy-policy\/\",\"url\":\"https:\/\/maxcity.hr\/en\/privacy-policy\/\",\"name\":\"Privacy Policy - Max City\",\"isPartOf\":{\"@id\":\"https:\/\/maxcity.hr\/#website\"},\"datePublished\":\"2018-09-24T12:56:31+00:00\",\"dateModified\":\"2023-05-26T09:14:54+00:00\",\"description\":\"Tko smo mi Adresa na\u0161e web-stranice je: http:\/\/localhost\/maxcity. Koje osobne podatke prikupljamo i za\u0161to Komentari Kada posjetitelji napi\u0161u komentar na\",\"breadcrumb\":{\"@id\":\"https:\/\/maxcity.hr\/en\/privacy-policy\/#breadcrumb\"},\"inLanguage\":\"en-US\",\"potentialAction\":[{\"@type\":\"ReadAction\",\"target\":[\"https:\/\/maxcity.hr\/en\/privacy-policy\/\"]}]},{\"@type\":\"BreadcrumbList\",\"@id\":\"https:\/\/maxcity.hr\/en\/privacy-policy\/#breadcrumb\",\"itemListElement\":[{\"@type\":\"ListItem\",\"position\":1,\"name\":\"Home\",\"item\":\"https:\/\/maxcity.hr\/en\/\"},{\"@type\":\"ListItem\",\"position\":2,\"name\":\"Privacy Policy\"}]},{\"@type\":\"WebSite\",\"@id\":\"https:\/\/maxcity.hr\/#website\",\"url\":\"https:\/\/maxcity.hr\/\",\"name\":\"Max City\",\"description\":\"Najve\u0107i shopping centar u Puli!\",\"potentialAction\":[{\"@type\":\"SearchAction\",\"target\":{\"@type\":\"EntryPoint\",\"urlTemplate\":\"https:\/\/maxcity.hr\/?s={search_term_string}\"},\"query-input\":\"required name=search_term_string\"}],\"inLanguage\":\"en-US\"}]}<\/script>\n<!-- \/ Yoast SEO plugin. -->","yoast_head_json":{"title":"Privacy Policy - Max City","description":"Tko smo mi Adresa na\u0161e web-stranice je: http:\/\/localhost\/maxcity. Koje osobne podatke prikupljamo i za\u0161to Komentari Kada posjetitelji napi\u0161u komentar na","robots":{"index":"index","follow":"follow","max-snippet":"max-snippet:-1","max-image-preview":"max-image-preview:large","max-video-preview":"max-video-preview:-1"},"canonical":"https:\/\/maxcity.hr\/en\/privacy-policy\/","og_locale":"en_US","og_type":"article","og_title":"Privacy Policy - Max City","og_description":"Tko smo mi Adresa na\u0161e web-stranice je: http:\/\/localhost\/maxcity. Koje osobne podatke prikupljamo i za\u0161to Komentari Kada posjetitelji napi\u0161u komentar na","og_url":"https:\/\/maxcity.hr\/en\/privacy-policy\/","og_site_name":"Max City","article_publisher":"https:\/\/www.facebook.com\/MaxCityPula\/","article_modified_time":"2023-05-26T09:14:54+00:00","og_image":[{"width":1862,"height":596,"url":"https:\/\/maxcity.hr\/wp-content\/uploads\/2018\/10\/privacy.jpg","type":"image\/jpeg"}],"twitter_card":"summary_large_image","twitter_misc":{"Est. reading time":"3 minutes"},"schema":{"@context":"https:\/\/schema.org","@graph":[{"@type":"WebPage","@id":"https:\/\/maxcity.hr\/en\/privacy-policy\/","url":"https:\/\/maxcity.hr\/en\/privacy-policy\/","name":"Privacy Policy - Max City","isPartOf":{"@id":"https:\/\/maxcity.hr\/#website"},"datePublished":"2018-09-24T12:56:31+00:00","dateModified":"2023-05-26T09:14:54+00:00","description":"Tko smo mi Adresa na\u0161e web-stranice je: http:\/\/localhost\/maxcity. Koje osobne podatke prikupljamo i za\u0161to Komentari Kada posjetitelji napi\u0161u komentar na","breadcrumb":{"@id":"https:\/\/maxcity.hr\/en\/privacy-policy\/#breadcrumb"},"inLanguage":"en-US","potentialAction":[{"@type":"ReadAction","target":["https:\/\/maxcity.hr\/en\/privacy-policy\/"]}]},{"@type":"BreadcrumbList","@id":"https:\/\/maxcity.hr\/en\/privacy-policy\/#breadcrumb","itemListElement":[{"@type":"ListItem","position":1,"name":"Home","item":"https:\/\/maxcity.hr\/en\/"},{"@type":"ListItem","position":2,"name":"Privacy Policy"}]},{"@type":"WebSite","@id":"https:\/\/maxcity.hr\/#website","url":"https:\/\/maxcity.hr\/","name":"Max City","description":"Najve\u0107i shopping centar u Puli!","potentialAction":[{"@type":"SearchAction","target":{"@type":"EntryPoint","urlTemplate":"https:\/\/maxcity.hr\/?s={search_term_string}"},"query-input":"required name=search_term_string"}],"inLanguage":"en-US"}]}},"_links":{"self":[{"href":"https:\/\/maxcity.hr\/en\/wp-json\/wp\/v2\/pages\/2707"}],"collection":[{"href":"https:\/\/maxcity.hr\/en\/wp-json\/wp\/v2\/pages"}],"about":[{"href":"https:\/\/maxcity.hr\/en\/wp-json\/wp\/v2\/types\/page"}],"author":[{"embeddable":true,"href":"https:\/\/maxcity.hr\/en\/wp-json\/wp\/v2\/users\/1"}],"replies":[{"embeddable":true,"href":"https:\/\/maxcity.hr\/en\/wp-json\/wp\/v2\/comments?post=2707"}],"version-history":[{"count":3,"href":"https:\/\/maxcity.hr\/en\/wp-json\/wp\/v2\/pages\/2707\/revisions"}],"predecessor-version":[{"id":15366,"href":"https:\/\/maxcity.hr\/en\/wp-json\/wp\/v2\/pages\/2707\/revisions\/15366"}],"wp:featuredmedia":[{"embeddable":true,"href":"https:\/\/maxcity.hr\/en\/wp-json\/wp\/v2\/media\/2675"}],"wp:attachment":[{"href":"https:\/\/maxcity.hr\/en\/wp-json\/wp\/v2\/media?parent=2707"}],"curies":[{"name":"wp","href":"https:\/\/api.w.org\/{rel}","templated":true}]}}